{"id":29892,"date":"2025-08-24T20:59:46","date_gmt":"2025-08-24T18:59:46","guid":{"rendered":"https:\/\/www.janafinlayson.com\/le-cercle-menward"},"modified":"2026-01-25T18:53:45","modified_gmt":"2026-01-25T17:53:45","slug":"le-cercle-menward","status":"publish","type":"page","link":"https:\/\/www.janafinlayson.com\/fr\/le-cercle-menward","title":{"rendered":"Le Cercle Menward"},"content":{"rendered":"\t\t<div data-elementor-type=\"wp-page\" data-elementor-id=\"29892\" class=\"elementor elementor-29892 elementor-29089\">\n\t\t\t\t<div class=\"wd-negative-gap elementor-element elementor-element-f4128ce e-flex e-con-boxed e-con e-parent\" data-id=\"f4128ce\" data-element_type=\"container\" data-e-type=\"container\">\n\t\t\t\t\t<div class=\"e-con-inner\">\n\t\t\t\t<div class=\"elementor-element elementor-element-4297ca0 elementor-widget elementor-widget-image\" data-id=\"4297ca0\" data-element_type=\"widget\" data-e-type=\"widget\" data-widget_type=\"image.default\">\n\t\t\t\t\t\t\t\t\t\t\t\t\t\t\t<img fetchpriority=\"high\" decoding=\"async\" width=\"2560\" height=\"2362\" src=\"https:\/\/www.janafinlayson.com\/wp-content\/uploads\/2025\/09\/menward_circle-scaled.jpg\" class=\"attachment-full size-full wp-image-29891\" alt=\"\" srcset=\"https:\/\/www.janafinlayson.com\/wp-content\/uploads\/2025\/09\/menward_circle-scaled.jpg 2560w, https:\/\/www.janafinlayson.com\/wp-content\/uploads\/2025\/09\/menward_circle-325x300.jpg 325w, https:\/\/www.janafinlayson.com\/wp-content\/uploads\/2025\/09\/menward_circle-867x800.jpg 867w, https:\/\/www.janafinlayson.com\/wp-content\/uploads\/2025\/09\/menward_circle-768x709.jpg 768w, https:\/\/www.janafinlayson.com\/wp-content\/uploads\/2025\/09\/menward_circle-1536x1417.jpg 1536w, https:\/\/www.janafinlayson.com\/wp-content\/uploads\/2025\/09\/menward_circle-2048x1889.jpg 2048w, https:\/\/www.janafinlayson.com\/wp-content\/uploads\/2025\/09\/menward_circle-430x397.jpg 430w, https:\/\/www.janafinlayson.com\/wp-content\/uploads\/2025\/09\/menward_circle-700x646.jpg 700w, https:\/\/www.janafinlayson.com\/wp-content\/uploads\/2025\/09\/menward_circle-150x138.jpg 150w\" sizes=\"(max-width: 2560px) 100vw, 2560px\" \/>\t\t\t\t\t\t\t\t\t\t\t\t\t\t\t<\/div>\n\t\t\t\t<div class=\"elementor-element elementor-element-9525e80 elementor-widget elementor-widget-wd_text_block\" data-id=\"9525e80\" data-element_type=\"widget\" data-e-type=\"widget\" data-widget_type=\"wd_text_block.default\">\n\t\t\t\t<div class=\"elementor-widget-container\">\n\t\t\t\t\t\t\t<div class=\"wd-text-block reset-last-child text-left\">\n\t\t\t\n\t\t\t<p style=\"text-align: center;\"><strong>Accompagn\u00e9e par une conseill\u00e8re apportant prise de conscience, empathie et \u00e9quilibre<\/strong><\/p>\n\t\t\t\t\t<\/div>\n\t\t\t\t\t\t<\/div>\n\t\t\t\t<\/div>\n\t\t\t\t\t<\/div>\n\t\t\t\t<\/div>\n\t\t<div class=\"wd-negative-gap elementor-element elementor-element-49d4519d e-flex e-con-boxed e-con e-parent\" data-id=\"49d4519d\" data-element_type=\"container\" data-e-type=\"container\">\n\t\t\t\t\t<div class=\"e-con-inner\">\n\t\t<div class=\"elementor-element elementor-element-8a06466 e-con-full e-flex e-con e-child\" data-id=\"8a06466\" data-element_type=\"container\" data-e-type=\"container\">\n\t\t\t\t<div class=\"elementor-element elementor-element-3843d54d wd-width-100 elementor-widget elementor-widget-wd_title\" data-id=\"3843d54d\" data-element_type=\"widget\" data-e-type=\"widget\" data-widget_type=\"wd_title.default\">\n\t\t\t\t<div class=\"elementor-widget-container\">\n\t\t\t\t\t\t\t<div class=\"title-wrapper wd-set-mb reset-last-child wd-title-color-default wd-title-style-default wd-title-size-default text-left\">\n\n\t\t\t\n\t\t\t<div class=\"liner-continer\">\n\t\t\t\t<h4 class=\"woodmart-title-container title wd-fontsize-l\">Le Cercle Menward \u2014 Un espace pour que les hommes se sentent entiers et \u00e9panouis<\/h4> \n\t\t\t\t\t\t\t<\/div>\n\n\t\t\t\t\t<\/div>\n\t\t\t\t\t\t<\/div>\n\t\t\t\t<\/div>\n\t\t\t\t<div class=\"elementor-element elementor-element-66acdc82 elementor-widget elementor-widget-wd_text_block\" data-id=\"66acdc82\" data-element_type=\"widget\" data-e-type=\"widget\" data-widget_type=\"wd_text_block.default\">\n\t\t\t\t<div class=\"elementor-widget-container\">\n\t\t\t\t\t\t\t<div class=\"wd-text-block reset-last-child text-left\">\n\t\t\t\n\t\t\t<p class=\"p1\"><em>Le Cercle Menward<\/em> \u2014 un espace de soutien pour les hommes pr\u00eats \u00e0 explorer une connexion \u00e9motionnelle plus profonde et une masculinit\u00e9 consciente.<br>En tant que conseill\u00e8re, j'apporte une perspective unique et des conseils empreints de compassion \u00e0 ce voyage, aidant les hommes \u00e0 se reconnecter \u00e0 leur \u00eatre entier, y compris le f\u00e9minin souvent n\u00e9glig\u00e9 en eux. Ensemble, nous cr\u00e9ons un cercle de confiance o\u00f9 la force rencontre la vuln\u00e9rabilit\u00e9 et o\u00f9 la croissance devient possible. <\/p><p class=\"p1\">Je cr\u00e9e un espace non seulement avec un regard professionnel, mais aussi avec une profonde empathie pour le monde int\u00e9rieur des hommes, en particulier ceux qui cherchent \u00e0 d\u00e9passer les limites de la masculinit\u00e9 traditionnelle.<\/p><p class=\"p1\">Mon r\u00f4le n'est pas de d\u00e9finir ce que signifie \u00eatre un homme, mais de soutenir chaque homme \u00e0 devenir plus entier, en se reconnectant \u00e0 son \u00eatre \u00e9motionnel, \u00e0 sa pr\u00e9sence relationnelle et au f\u00e9minin souvent n\u00e9glig\u00e9 en lui.<\/p><p class=\"p1\">D'apr\u00e8s mon exp\u00e9rience, le fait qu'une femme guide ce voyage peut offrir une r\u00e9flexion, une gu\u00e9rison et un \u00e9quilibre puissants. Cela invite les hommes \u00e0 \u00e9tablir des relations d'une mani\u00e8re nouvelle et consciente, et \u00e0 s'explorer plus pleinement en pr\u00e9sence d'acceptation et de non-jugement. <\/p>\n\t\t\t\t\t<\/div>\n\t\t\t\t\t\t<\/div>\n\t\t\t\t<\/div>\n\t\t\t\t<\/div>\n\t\t<div class=\"elementor-element elementor-element-32ffb173 e-con-full e-flex e-con e-child\" data-id=\"32ffb173\" data-element_type=\"container\" data-e-type=\"container\">\n\t\t\t\t<div class=\"elementor-element elementor-element-6ebbe960 wd-width-100 elementor-widget elementor-widget-wd_title\" data-id=\"6ebbe960\" data-element_type=\"widget\" data-e-type=\"widget\" data-widget_type=\"wd_title.default\">\n\t\t\t\t<div class=\"elementor-widget-container\">\n\t\t\t\t\t\t\t<div class=\"title-wrapper wd-set-mb reset-last-child wd-title-color-default wd-title-style-default wd-title-size-default text-left\">\n\n\t\t\t\n\t\t\t<div class=\"liner-continer\">\n\t\t\t\t<h4 class=\"woodmart-title-container title wd-fontsize-l\">Qu'est-ce que le Cercle Menward ?<br \/>\n<\/h4> \n\t\t\t\t\t\t\t<\/div>\n\n\t\t\t\t\t<\/div>\n\t\t\t\t\t\t<\/div>\n\t\t\t\t<\/div>\n\t\t\t\t<div class=\"elementor-element elementor-element-17a2f83f elementor-widget elementor-widget-wd_text_block\" data-id=\"17a2f83f\" data-element_type=\"widget\" data-e-type=\"widget\" data-widget_type=\"wd_text_block.default\">\n\t\t\t\t<div class=\"elementor-widget-container\">\n\t\t\t\t\t\t\t<div class=\"wd-text-block reset-last-child text-left\">\n\t\t\t\n\t\t\t<p class=\"p1\">Il s'agit d'un espace de groupe th\u00e9rapeutique pour les jeunes hommes (\u00e2g\u00e9s d'environ 21 \u00e0 45 ans) qui sont pr\u00eats \u00e0 explorer une version plus profonde et plus connect\u00e9e \u00e9motionnellement de la masculinit\u00e9.<\/p><p class=\"p1\">C'est un espace pour ceux qui veulent grandir en tant qu'individus, partenaires, p\u00e8res ou fils, en apprenant \u00e0 \u00e9couter leur int\u00e9riorit\u00e9, \u00e0 se connecter \u00e0 leur paysage \u00e9motionnel et \u00e0 honorer le f\u00e9minin en eux.<\/p><p class=\"p1\">Gr\u00e2ce \u00e0 des cercles de partage hebdomadaires, des th\u00e8mes guid\u00e9s et des pratiques incarn\u00e9es, nous explorons ce que signifie \u00eatre un homme conscient dans le monde d'aujourd'hui, un homme \u00e0 la fois fort et doux, loyal et ouvert, ancr\u00e9 et en \u00e9volution.<\/p><p class=\"p1\">Le Cercle Menward n'a pas pour but de te r\u00e9parer, mais de revenir \u00e0 toi-m\u00eame. En pr\u00e9sence d'autres personnes qui suivent le m\u00eame chemin, tu apprendras \u00e0 \u00e9tablir la confiance, \u00e0 approfondir la pr\u00e9sence et \u00e0 adopter une mani\u00e8re d'\u00eatre plus int\u00e9gr\u00e9e. <\/p><p class=\"p1\">Que tu aies fait des ann\u00e9es de travail int\u00e9rieur ou que tu commences \u00e0 peine, cet espace t'accueille.<\/p>\n\t\t\t\t\t<\/div>\n\t\t\t\t\t\t<\/div>\n\t\t\t\t<\/div>\n\t\t\t\t<\/div>\n\t\t\t\t\t<\/div>\n\t\t\t\t<\/div>\n\t\t<div class=\"wd-negative-gap elementor-element elementor-element-5605210a e-flex e-con-boxed e-con e-parent\" data-id=\"5605210a\" data-element_type=\"container\" data-e-type=\"container\">\n\t\t\t\t\t<div class=\"e-con-inner\">\n\t\t\t\t<div class=\"elementor-element elementor-element-be39037 wd-width-100 elementor-widget elementor-widget-wd_title\" data-id=\"be39037\" data-element_type=\"widget\" data-e-type=\"widget\" data-widget_type=\"wd_title.default\">\n\t\t\t\t<div class=\"elementor-widget-container\">\n\t\t\t\t\t\t\t<div class=\"title-wrapper wd-set-mb reset-last-child wd-title-color-default wd-title-style-default wd-title-size-default text-center\">\n\n\t\t\t\n\t\t\t<div class=\"liner-continer\">\n\t\t\t\t<h4 class=\"woodmart-title-container title wd-fontsize-l\">Informations<\/h4> \n\t\t\t\t\t\t\t<\/div>\n\n\t\t\t\t\t<\/div>\n\t\t\t\t\t\t<\/div>\n\t\t\t\t<\/div>\n\t\t<div class=\"elementor-element elementor-element-6c324c7 e-con-full e-grid e-con e-child\" data-id=\"6c324c7\" data-element_type=\"container\" data-e-type=\"container\" data-settings=\"{&quot;background_background&quot;:&quot;classic&quot;}\">\n\t\t\t\t<div class=\"elementor-element elementor-element-8012214 elementor-widget elementor-widget-wd_pricing_tables\" data-id=\"8012214\" data-element_type=\"widget\" data-e-type=\"widget\" data-widget_type=\"wd_pricing_tables.default\">\n\t\t\t\t<div class=\"elementor-widget-container\">\n\t\t\t\t\t\t\t<div class=\"pricing-tables-wrapper\">\n\t\t\t<div class=\"pricing-tables wd-grid-g\" style=\"--wd-col-lg:2;--wd-col-md:2;--wd-col-sm:1;--wd-gap-lg:20px;--wd-gap-sm:10px;\">\n\t\t\t\t\t\t\t\t\t\t\t\t\t\t<div class=\"wd-price-table wd-col price-style-default price-with-label label-color-green\">\n\t\t\t\t\t\t<div class=\"wd-plan\">\n\t\t\t\t\t\t\t<div class=\"wd-plan-name\">\n\t\t\t\t\t\t\t\t<span class=\"wd-plan-title title\">\n\t\t\t\t\t\t\t\t\tTarifs pour les inscriptions anticip\u00e9es\t\t\t\t\t\t\t\t<\/span>\n\t\t\t\t\t\t\t<\/div>\n\t\t\t\t\t\t<\/div>\n\n\t\t\t\t\t\t<div class=\"wd-plan-inner\">\n\t\t\t\t\t\t\t\t\t\t\t\t\t\t\t<div class=\"wd-plan-label price-label\">\n\t\t\t\t\t\t\t\t\t<span>\n\t\t\t\t\t\t\t\t\t\tInscription anticip\u00e9e\t\t\t\t\t\t\t\t\t<\/span>\n\t\t\t\t\t\t\t\t<\/div>\n\t\t\t\t\t\t\t\n\t\t\t\t\t\t\t<div class=\"wd-plan-price\" style=\"\">\n\t\t\t\t\t\t\t\t\t\t\t\t\t\t\t\t\t<span class=\"wd-price-currency\">\n\t\t\t\t\t\t\t\t\t\tCHF\/EUR\t\t\t\t\t\t\t\t\t<\/span>\n\t\t\t\t\t\t\t\t\t\t\t\t\t\t\t\t\n\t\t\t\t\t\t\t\t\t\t\t\t\t\t\t\t\t<span class=\"wd-price-value\">\n\t\t\t\t\t\t\t\t\t\t300\t\t\t\t\t\t\t\t\t<\/span>\n\t\t\t\t\t\t\t\t\t\t\t\t\t\t\t\t\n\t\t\t\t\t\t\t\t\t\t\t\t\t\t\t<\/div>\n\n\t\t\t\t\t\t\t\t\t\t\t\t\t\t\t<div class=\"wd-plan-features\">\n\t\t\t\t\t\t\t\t\t\t\t\t\t\t\t\t\t\t\t<div class=\"wd-plan-feature\">\n\t\t\t\t\t\t\t\t\t\t\t<span style=\"color: #1f5e5e\"><strong>avant fin novembre<\/strong><\/span> - d\u00e9but en janvier\t\t\t\t\t\t\t\t\t\t<\/div>\n\t\t\t\t\t\t\t\t\t\t\t\t\t\t\t\t\t\t\t<div class=\"wd-plan-feature\">\n\t\t\t\t\t\t\t\t\t\t\t<span style=\"color: #1f5e5e\"><strong>avant fin janvier<\/strong><\/span> - d\u00e9but en mars, \t\t\t\t\t\t\t\t\t\t<\/div>\n\t\t\t\t\t\t\t\t\t\t\t\t\t\t\t\t\t\t\t<div class=\"wd-plan-feature\">\n\t\t\t\t\t\t\t\t\t\t\t<span style=\"color: #1f5e5e\"><strong>avant fin mars<\/strong><\/span> - d\u00e9but en mai\t\t\t\t\t\t\t\t\t\t<\/div>\n\t\t\t\t\t\t\t\t\t\t\t\t\t\t\t\t\t\t\t<div class=\"wd-plan-feature\">\n\t\t\t\t\t\t\t\t\t\t\t<span style=\"color: #1f5e5e\"><strong>avant fin juillet<\/strong><\/span> - d\u00e9but en septembre\t\t\t\t\t\t\t\t\t\t<\/div>\n\t\t\t\t\t\t\t\t\t\t\t\t\t\t\t\t\t\t\t<div class=\"wd-plan-feature\">\n\t\t\t\t\t\t\t\t\t\t\t<span style=\"color: #1f5e5e\"><strong>Dates de d\u00e9but :<\/strong><\/span> 6 janvier 2026, 3 mars 2026, 5 mai 2026, 8 septembre 2026\t\t\t\t\t\t\t\t\t\t<\/div>\n\t\t\t\t\t\t\t\t\t\t\t\t\t\t\t\t\t<\/div>\n\t\t\t\t\t\t\t\n\t\t\t\t\t\t\t<div class=\"wd-plan-footer\">\n\t\t\t\t\t\t\t\t\t\t\t\t\t\t\t\t\t\t\t\t\t\t\t\t\t\t\t\t\t\t\t\t<\/div>\n\t\t\t\t\t\t<\/div>\n\t\t\t\t\t<\/div>\n\t\t\t\t\t\t\t\t\t\t\t\t\t\t<div class=\"wd-price-table wd-col price-style-default price-with-label label-color-red\">\n\t\t\t\t\t\t<div class=\"wd-plan\">\n\t\t\t\t\t\t\t<div class=\"wd-plan-name\">\n\t\t\t\t\t\t\t\t<span class=\"wd-plan-title title\">\n\t\t\t\t\t\t\t\t\t6 semaines\t\t\t\t\t\t\t\t<\/span>\n\t\t\t\t\t\t\t<\/div>\n\t\t\t\t\t\t<\/div>\n\n\t\t\t\t\t\t<div class=\"wd-plan-inner\">\n\t\t\t\t\t\t\t\t\t\t\t\t\t\t\t<div class=\"wd-plan-label price-label\">\n\t\t\t\t\t\t\t\t\t<span>\n\t\t\t\t\t\t\t\t\t\tPlein tarif\t\t\t\t\t\t\t\t\t<\/span>\n\t\t\t\t\t\t\t\t<\/div>\n\t\t\t\t\t\t\t\n\t\t\t\t\t\t\t<div class=\"wd-plan-price\" style=\"\">\n\t\t\t\t\t\t\t\t\t\t\t\t\t\t\t\t\t<span class=\"wd-price-currency\">\n\t\t\t\t\t\t\t\t\t\tCHF\/EUR\t\t\t\t\t\t\t\t\t<\/span>\n\t\t\t\t\t\t\t\t\t\t\t\t\t\t\t\t\n\t\t\t\t\t\t\t\t\t\t\t\t\t\t\t\t\t<span class=\"wd-price-value\">\n\t\t\t\t\t\t\t\t\t\t360\t\t\t\t\t\t\t\t\t<\/span>\n\t\t\t\t\t\t\t\t\t\t\t\t\t\t\t\t\n\t\t\t\t\t\t\t\t\t\t\t\t\t\t\t<\/div>\n\n\t\t\t\t\t\t\t\t\t\t\t\t\t\t\t<div class=\"wd-plan-features\">\n\t\t\t\t\t\t\t\t\t\t\t\t\t\t\t\t\t\t\t<div class=\"wd-plan-feature\">\n\t\t\t\t\t\t\t\t\t\t\t<span style=\"color: #1f5e5e\"><strong>Fr\u00e9quence<\/strong><\/span> : Hebdomadaire\t\t\t\t\t\t\t\t\t\t<\/div>\n\t\t\t\t\t\t\t\t\t\t\t\t\t\t\t\t\t\t\t<div class=\"wd-plan-feature\">\n\t\t\t\t\t\t\t\t\t\t\t<span style=\"color: #1f5e5e\"><strong>Jour<\/strong><\/span> : Mardi\t\t\t\t\t\t\t\t\t\t<\/div>\n\t\t\t\t\t\t\t\t\t\t\t\t\t\t\t\t\t\t\t<div class=\"wd-plan-feature\">\n\t\t\t\t\t\t\t\t\t\t\t<span style=\"color: #1f5e5e\"><strong>Dur\u00e9e<\/strong><\/span> : 90 minutes \t\t\t\t\t\t\t\t\t\t<\/div>\n\t\t\t\t\t\t\t\t\t\t\t\t\t\t\t\t\t\t\t<div class=\"wd-plan-feature\">\n\t\t\t\t\t\t\t\t\t\t\t<span style=\"color: #1f5e5e\"><strong>Heure<\/strong><\/span> : 19h30-21h00\t\t\t\t\t\t\t\t\t\t<\/div>\n\t\t\t\t\t\t\t\t\t\t\t\t\t\t\t\t\t\t\t<div class=\"wd-plan-feature\">\n\t\t\t\t\t\t\t\t\t\t\t<span style=\"color: #1f5e5e\"><strong>Pour les hommes \u00e2g\u00e9s d'environ 21 \u00e0 45 ans <br>&nbsp;<\/strong><\/span> \t\t\t\t\t\t\t\t\t\t<\/div>\n\t\t\t\t\t\t\t\t\t\t\t\t\t\t\t\t\t<\/div>\n\t\t\t\t\t\t\t\n\t\t\t\t\t\t\t<div class=\"wd-plan-footer\">\n\t\t\t\t\t\t\t\t\t\t\t\t\t\t\t\t\t\t\t\t\t\t\t\t\t\t\t\t\t\t\t\t<\/div>\n\t\t\t\t\t\t<\/div>\n\t\t\t\t\t<\/div>\n\t\t\t\t\t\t\t<\/div>\n\t\t<\/div>\n\t\t\n\t\t\t\t\t\t<\/div>\n\t\t\t\t<\/div>\n\t\t\t\t<div class=\"elementor-element elementor-element-88ea8f3 elementor-widget elementor-widget-wd_text_block\" data-id=\"88ea8f3\" data-element_type=\"widget\" data-e-type=\"widget\" data-widget_type=\"wd_text_block.default\">\n\t\t\t\t<div class=\"elementor-widget-container\">\n\t\t\t\t\t\t\t<div class=\"wd-text-block reset-last-child text-left\">\n\t\t\t\n\t\t\t<h2 class=\"p1\" style=\"text-align: center;\"><span style=\"color: #ffffff;\"><b>Programme<\/b><\/span><\/h2><h3 class=\"p1\"><span style=\"color: #ffffff;\"><b>Semaine 1 : Introduction et d\u00e9finition des intentions<\/b><\/span><\/h3><ul class=\"ul1\"><li class=\"li1\">Bienvenue et pr\u00e9sentations<\/li><li class=\"li1\">Accords de groupe et confidentialit\u00e9<\/li><li class=\"li1\">Exploration des raisons personnelles de participation<\/li><li class=\"li1\">D\u00e9finition des intentions individuelles et de groupe<\/li><li class=\"li1\">Bref aper\u00e7u des \u00e9nergies masculine et f\u00e9minine<\/li><\/ul><h3 class=\"p1\"><span style=\"color: #ffffff;\"><b>Semaine 2 : Comprendre la masculinit\u00e9 et briser les st\u00e9r\u00e9otypes<\/b><\/span><\/h3><ul class=\"ul1\"><li class=\"li1\">Discussion sur les attentes culturelles et la masculinit\u00e9 toxique<\/li><li class=\"li1\">R\u00e9flexion sur les croyances personnelles et les exp\u00e9riences de la masculinit\u00e9<\/li><li class=\"li1\">Partage d'histoires de d\u00e9fis et de croissance<\/li><li class=\"li1\">Exercice de journalisation ou de r\u00e9flexion<\/li><\/ul><h3 class=\"p1\"><span style=\"color: #ffffff;\"><b>Semaine 3 : Conscience \u00e9motionnelle et vuln\u00e9rabilit\u00e9<\/b><\/span><\/h3><ul class=\"ul1\"><li class=\"li1\">Quelles \u00e9motions ressentons-nous et qu'\u00e9vitons-nous ?<\/li><li class=\"li1\">Exercices pour nommer et exprimer les sentiments en toute s\u00e9curit\u00e9<\/li><li class=\"li1\">Le r\u00f4le de la vuln\u00e9rabilit\u00e9 dans la force<\/li><li class=\"li1\">Partage de groupe et bilan<\/li><\/ul><h3 class=\"p1\"><span style=\"color: #ffffff;\"><b>Semaine 4 : Se connecter au f\u00e9minin int\u00e9rieur<\/b><\/span><\/h3><ul class=\"ul1\"><li class=\"li1\">Explorer ce que signifie l'\u00e9nergie f\u00e9minine pour les hommes<\/li><li class=\"li1\">Pratiques pour nourrir et \u00e9quilibrer le f\u00e9minin et le masculin int\u00e9rieurs<\/li><li class=\"li1\">M\u00e9ditation guid\u00e9e ou exercice d'incarnation<\/li><li class=\"li1\">Discussion : comment cela affecte les relations et la vision de soi<\/li><\/ul><h3 class=\"p1\"><span style=\"color: #ffffff;\"><b>Semaine 5 : Communication et empathie<\/b><\/span><\/h3><ul class=\"ul1\"><li class=\"li1\">Bases d'une communication saine et d'une \u00e9coute active<\/li><li class=\"li1\">Jeux de r\u00f4le de r\u00e9solution de conflits<\/li><li class=\"li1\">Pratiquer l'empathie au sein du groupe<\/li><li class=\"li1\">Partage d'exp\u00e9riences d'incompr\u00e9hensions ou de perc\u00e9es<\/li><\/ul><h3 class=\"p1\"><span style=\"color: #ffffff;\"><b>Semaine 6 : Paternit\u00e9, h\u00e9ritage et gu\u00e9rison des blessures du pass\u00e9<\/b><\/span><\/h3><ul class=\"ul1\"><li class=\"li1\">Explorer la paternit\u00e9 : biologique, choisie et p\u00e8re int\u00e9rieur<\/li><li class=\"li1\">R\u00e9flexion sur les influences et les sch\u00e9mas de l'enfance<\/li><li class=\"li1\">Pratiques de gu\u00e9rison et de pardon<\/li><li class=\"li1\">Partage de groupe des espoirs pour l'h\u00e9ritage<\/li><\/ul>\n\t\t\t\t\t<\/div>\n\t\t\t\t\t\t<\/div>\n\t\t\t\t<\/div>\n\t\t\t\t<\/div>\n\t\t\t\t\t<\/div>\n\t\t\t\t<\/div>\n\t\t<div class=\"wd-negative-gap elementor-element elementor-element-67c3fd9a e-flex e-con-boxed e-con e-parent\" data-id=\"67c3fd9a\" data-element_type=\"container\" data-e-type=\"container\">\n\t\t\t\t\t<div class=\"e-con-inner\">\n\t\t\t\t<div class=\"elementor-element elementor-element-42d44e48 elementor-widget elementor-widget-wd_button\" data-id=\"42d44e48\" data-element_type=\"widget\" data-e-type=\"widget\" data-widget_type=\"wd_button.default\">\n\t\t\t\t<div class=\"elementor-widget-container\">\n\t\t\t\t\t\t\t<div class=\"wd-button-wrapper text-center\" >\n\t\t\t<a class=\"btn btn-style-default btn-shape-rectangle btn-size-default btn-color-custom btn-icon-pos-right\"  href=\"https:\/\/calendly.com\/janafinlayson-info\" target=\"_blank\">\n\t\t\t\t<span class=\"wd-btn-text\" data-elementor-setting-key=\"text\">\n\t\t\t\t\tR\u00e9servez votre s\u00e9ance maintenant\t\t\t\t<\/span>\n\n\t\t\t\t\t\t\t<\/a>\n\t\t<\/div>\n\t\t\t\t\t\t<\/div>\n\t\t\t\t<\/div>\n\t\t\t\t\t<\/div>\n\t\t\t\t<\/div>\n\t\t<div class=\"wd-negative-gap elementor-element elementor-element-2cad204e e-flex e-con-boxed e-con e-parent\" data-id=\"2cad204e\" data-element_type=\"container\" data-e-type=\"container\">\n\t\t\t\t\t<div class=\"e-con-inner\">\n\t\t\t\t<div class=\"elementor-element elementor-element-32afc701 wd-width-100 elementor-widget elementor-widget-wd_title\" data-id=\"32afc701\" data-element_type=\"widget\" data-e-type=\"widget\" data-widget_type=\"wd_title.default\">\n\t\t\t\t<div class=\"elementor-widget-container\">\n\t\t\t\t\t\t\t<div class=\"title-wrapper wd-set-mb reset-last-child wd-title-color-default wd-title-style-default wd-title-size-default text-center\">\n\n\t\t\t\n\t\t\t<div class=\"liner-continer\">\n\t\t\t\t<h4 class=\"woodmart-title-container title wd-fontsize-l\">Groupes psycho\u00e9ducatifs<\/h4> \n\t\t\t\t\t\t\t<\/div>\n\n\t\t\t\t\t<\/div>\n\t\t\t\t\t\t<\/div>\n\t\t\t\t<\/div>\n\t\t<div class=\"elementor-element elementor-element-7cfb88ec e-con-full e-grid e-con e-child\" data-id=\"7cfb88ec\" data-element_type=\"container\" data-e-type=\"container\">\n\t\t\t\t<div class=\"elementor-element elementor-element-40e10547 elementor-widget elementor-widget-icon-box\" data-id=\"40e10547\" data-element_type=\"widget\" data-e-type=\"widget\" data-widget_type=\"icon-box.default\">\n\t\t\t\t\t\t\t<div class=\"elementor-icon-box-wrapper\">\n\n\t\t\t\n\t\t\t\t\t\t<div class=\"elementor-icon-box-content\">\n\n\t\t\t\t\t\t\t\t\t<h3 class=\"elementor-icon-box-title\">\n\t\t\t\t\t\t<a href=\"https:\/\/www.janafinlayson.com\/individual-counselling\" >\n\t\t\t\t\t\t\tConsultation individuelle\t\t\t\t\t\t<\/a>\n\t\t\t\t\t<\/h3>\n\t\t\t\t\n\t\t\t\t\t\t\t\t\t<p class=\"elementor-icon-box-description\">\n\t\t\t\t\t\tAFFICHER PLUS\t\t\t\t\t<\/p>\n\t\t\t\t\n\t\t\t<\/div>\n\t\t\t\n\t\t<\/div>\n\t\t\t\t\t\t<\/div>\n\t\t\t\t<div class=\"elementor-element elementor-element-4e74d67c elementor-widget elementor-widget-icon-box\" data-id=\"4e74d67c\" data-element_type=\"widget\" data-e-type=\"widget\" data-widget_type=\"icon-box.default\">\n\t\t\t\t\t\t\t<div class=\"elementor-icon-box-wrapper\">\n\n\t\t\t\n\t\t\t\t\t\t<div class=\"elementor-icon-box-content\">\n\n\t\t\t\t\t\t\t\t\t<h3 class=\"elementor-icon-box-title\">\n\t\t\t\t\t\t<a href=\"https:\/\/www.janafinlayson.com\/the-parentward-circle\" >\n\t\t\t\t\t\t\tLe Cercle Parentward\t\t\t\t\t\t<\/a>\n\t\t\t\t\t<\/h3>\n\t\t\t\t\n\t\t\t\t\t\t\t\t\t<p class=\"elementor-icon-box-description\">\n\t\t\t\t\t\tAFFICHER PLUS\t\t\t\t\t<\/p>\n\t\t\t\t\n\t\t\t<\/div>\n\t\t\t\n\t\t<\/div>\n\t\t\t\t\t\t<\/div>\n\t\t\t\t<\/div>\n\t\t\t\t\t<\/div>\n\t\t\t\t<\/div>\n\t\t\t\t<\/div>\n\t\t","protected":false},"excerpt":{"rendered":"<p>Accompagn\u00e9e par une conseill\u00e8re apportant prise de conscience, empathie et \u00e9quilibre Le Cercle Menward \u2014 Un espace pour que les<\/p>\n","protected":false},"author":1,"featured_media":0,"parent":0,"menu_order":0,"comment_status":"closed","ping_status":"closed","template":"","meta":{"footnotes":""},"class_list":["post-29892","page","type-page","status-publish","hentry"],"_links":{"self":[{"href":"https:\/\/www.janafinlayson.com\/fr\/wp-json\/wp\/v2\/pages\/29892","targetHints":{"allow":["GET"]}}],"collection":[{"href":"https:\/\/www.janafinlayson.com\/fr\/wp-json\/wp\/v2\/pages"}],"about":[{"href":"https:\/\/www.janafinlayson.com\/fr\/wp-json\/wp\/v2\/types\/page"}],"author":[{"embeddable":true,"href":"https:\/\/www.janafinlayson.com\/fr\/wp-json\/wp\/v2\/users\/1"}],"replies":[{"embeddable":true,"href":"https:\/\/www.janafinlayson.com\/fr\/wp-json\/wp\/v2\/comments?post=29892"}],"version-history":[{"count":2,"href":"https:\/\/www.janafinlayson.com\/fr\/wp-json\/wp\/v2\/pages\/29892\/revisions"}],"predecessor-version":[{"id":29925,"href":"https:\/\/www.janafinlayson.com\/fr\/wp-json\/wp\/v2\/pages\/29892\/revisions\/29925"}],"wp:attachment":[{"href":"https:\/\/www.janafinlayson.com\/fr\/wp-json\/wp\/v2\/media?parent=29892"}],"curies":[{"name":"wp","href":"https:\/\/api.w.org\/{rel}","templated":true}]}}