{"id":29920,"date":"2025-08-24T21:00:05","date_gmt":"2025-08-24T19:00:05","guid":{"rendered":"https:\/\/www.janafinlayson.com\/le-cercle-parentward"},"modified":"2026-01-25T18:54:04","modified_gmt":"2026-01-25T17:54:04","slug":"le-cercle-parentward","status":"publish","type":"page","link":"https:\/\/www.janafinlayson.com\/fr\/le-cercle-parentward","title":{"rendered":"Le Cercle Parentward"},"content":{"rendered":"\t\t<div data-elementor-type=\"wp-page\" data-elementor-id=\"29920\" class=\"elementor elementor-29920 elementor-29091\">\n\t\t\t\t<div class=\"elementor-element elementor-element-e168d9f e-con-full e-flex e-con e-parent\" data-id=\"e168d9f\" data-element_type=\"container\" data-e-type=\"container\">\n\t\t\t\t<div class=\"elementor-element elementor-element-9c23d9f elementor-widget elementor-widget-image\" data-id=\"9c23d9f\" data-element_type=\"widget\" data-e-type=\"widget\" data-widget_type=\"image.default\">\n\t\t\t\t\t\t\t\t\t\t\t\t\t\t\t<img fetchpriority=\"high\" decoding=\"async\" width=\"2560\" height=\"1707\" src=\"https:\/\/www.janafinlayson.com\/wp-content\/uploads\/2025\/09\/sun-between-boat-rope-2025-03-10-06-55-37-utc-scaled.jpg\" class=\"attachment-full size-full wp-image-29907\" alt=\"\" srcset=\"https:\/\/www.janafinlayson.com\/wp-content\/uploads\/2025\/09\/sun-between-boat-rope-2025-03-10-06-55-37-utc-scaled.jpg 2560w, https:\/\/www.janafinlayson.com\/wp-content\/uploads\/2025\/09\/sun-between-boat-rope-2025-03-10-06-55-37-utc-400x267.jpg 400w, https:\/\/www.janafinlayson.com\/wp-content\/uploads\/2025\/09\/sun-between-boat-rope-2025-03-10-06-55-37-utc-1200x800.jpg 1200w, https:\/\/www.janafinlayson.com\/wp-content\/uploads\/2025\/09\/sun-between-boat-rope-2025-03-10-06-55-37-utc-768x512.jpg 768w, https:\/\/www.janafinlayson.com\/wp-content\/uploads\/2025\/09\/sun-between-boat-rope-2025-03-10-06-55-37-utc-1536x1024.jpg 1536w, https:\/\/www.janafinlayson.com\/wp-content\/uploads\/2025\/09\/sun-between-boat-rope-2025-03-10-06-55-37-utc-2048x1365.jpg 2048w, https:\/\/www.janafinlayson.com\/wp-content\/uploads\/2025\/09\/sun-between-boat-rope-2025-03-10-06-55-37-utc-430x287.jpg 430w, https:\/\/www.janafinlayson.com\/wp-content\/uploads\/2025\/09\/sun-between-boat-rope-2025-03-10-06-55-37-utc-700x467.jpg 700w, https:\/\/www.janafinlayson.com\/wp-content\/uploads\/2025\/09\/sun-between-boat-rope-2025-03-10-06-55-37-utc-150x100.jpg 150w\" sizes=\"(max-width: 2560px) 100vw, 2560px\" \/>\t\t\t\t\t\t\t\t\t\t\t\t\t\t\t<\/div>\n\t\t\t\t<div class=\"elementor-element elementor-element-a291b74 elementor-widget elementor-widget-wd_text_block\" data-id=\"a291b74\" data-element_type=\"widget\" data-e-type=\"widget\" data-widget_type=\"wd_text_block.default\">\n\t\t\t\t<div class=\"elementor-widget-container\">\n\t\t\t\t\t\t\t<div class=\"wd-text-block reset-last-child text-left\">\n\t\t\t\n\t\t\t<p style=\"text-align: center;\"><span style=\"color: #1f5e5e;\"><b>Philosophie :<\/b><\/span><\/p><h3 style=\"text-align: center;\"><span style=\"color: #3b9c9c;\"><b>Pr\u00e9vention par la Sensibilisation<\/b><\/span><\/h3><p style=\"text-align: center;\"><span style=\"color: #ff6600;\">\u00ab&nbsp;Lorsque nous nous gu\u00e9rissons, nous cessons de transmettre la douleur.&nbsp;\u00bb<\/span><\/p>\n\t\t\t\t\t<\/div>\n\t\t\t\t\t\t<\/div>\n\t\t\t\t<\/div>\n\t\t\t\t<\/div>\n\t\t<div class=\"wd-negative-gap elementor-element elementor-element-63f873c3 e-flex e-con-boxed e-con e-parent\" data-id=\"63f873c3\" data-element_type=\"container\" data-e-type=\"container\">\n\t\t\t\t\t<div class=\"e-con-inner\">\n\t\t<div class=\"elementor-element elementor-element-4059afb6 e-con-full e-flex e-con e-child\" data-id=\"4059afb6\" data-element_type=\"container\" data-e-type=\"container\">\n\t\t\t\t<div class=\"elementor-element elementor-element-406f9436 wd-width-100 elementor-widget elementor-widget-wd_title\" data-id=\"406f9436\" data-element_type=\"widget\" data-e-type=\"widget\" data-widget_type=\"wd_title.default\">\n\t\t\t\t<div class=\"elementor-widget-container\">\n\t\t\t\t\t\t\t<div class=\"title-wrapper wd-set-mb reset-last-child wd-title-color-default wd-title-style-default wd-title-size-default text-left\">\n\n\t\t\t\n\t\t\t<div class=\"liner-continer\">\n\t\t\t\t<h4 class=\"woodmart-title-container title wd-fontsize-l\">De quoi s\u2019agit-il&nbsp;?<br \/>\n<\/h4> \n\t\t\t\t\t\t\t<\/div>\n\n\t\t\t\t\t<\/div>\n\t\t\t\t\t\t<\/div>\n\t\t\t\t<\/div>\n\t\t\t\t<div class=\"elementor-element elementor-element-3180d566 elementor-widget elementor-widget-wd_text_block\" data-id=\"3180d566\" data-element_type=\"widget\" data-e-type=\"widget\" data-widget_type=\"wd_text_block.default\">\n\t\t\t\t<div class=\"elementor-widget-container\">\n\t\t\t\t\t\t\t<div class=\"wd-text-block reset-last-child text-left\">\n\t\t\t\n\t\t\t<p class=\"p1\">Le Cercle Parentward est une communaut\u00e9 bienveillante et consciente pour les parents qui souhaitent \u00e9voluer, r\u00e9fl\u00e9chir et rompre avec les cycles g\u00e9n\u00e9rationnels, en s\u2019appuyant sur la sagesse collective, la conscience \u00e9motionnelle et des outils concrets. Ici, gu\u00e9rison et parentalit\u00e9 se rejoignent. <\/p><p class=\"p1\">Il offre un espace bienveillant et ax\u00e9 sur le d\u00e9veloppement pour permettre aux parents de:<\/p><ul class=\"ul1\"><li class=\"li1\">R\u00e9fl\u00e9chir \u00e0 leur \u00e9ducation<\/li><li class=\"li1\">Comprendre l\u2019impact des sch\u00e9mas g\u00e9n\u00e9rationnels<\/li><li class=\"li1\">Pr\u00e9venir la r\u00e9p\u00e9tition de dynamiques n\u00e9fastes<\/li><li class=\"li1\">\u00c9tablir des relations conscientes et connect\u00e9es avec leurs enfants<\/li><\/ul>\n\t\t\t\t\t<\/div>\n\t\t\t\t\t\t<\/div>\n\t\t\t\t<\/div>\n\t\t\t\t<\/div>\n\t\t<div class=\"elementor-element elementor-element-37a3ef6 e-con-full e-flex e-con e-child\" data-id=\"37a3ef6\" data-element_type=\"container\" data-e-type=\"container\">\n\t\t\t\t<div class=\"elementor-element elementor-element-d8c4d0c wd-width-100 elementor-widget elementor-widget-wd_title\" data-id=\"d8c4d0c\" data-element_type=\"widget\" data-e-type=\"widget\" data-widget_type=\"wd_title.default\">\n\t\t\t\t<div class=\"elementor-widget-container\">\n\t\t\t\t\t\t\t<div class=\"title-wrapper wd-set-mb reset-last-child wd-title-color-default wd-title-style-default wd-title-size-default text-left\">\n\n\t\t\t\n\t\t\t<div class=\"liner-continer\">\n\t\t\t\t<h4 class=\"woodmart-title-container title wd-fontsize-l\">\u00c0 qui cela s\u2019adresse<br \/>\n<\/h4> \n\t\t\t\t\t\t\t<\/div>\n\n\t\t\t\t\t<\/div>\n\t\t\t\t\t\t<\/div>\n\t\t\t\t<\/div>\n\t\t\t\t<div class=\"elementor-element elementor-element-1b19770 elementor-widget elementor-widget-wd_text_block\" data-id=\"1b19770\" data-element_type=\"widget\" data-e-type=\"widget\" data-widget_type=\"wd_text_block.default\">\n\t\t\t\t<div class=\"elementor-widget-container\">\n\t\t\t\t\t\t\t<div class=\"wd-text-block reset-last-child text-left\">\n\t\t\t\n\t\t\t<ul><li>Aux parents qui sont conscients que leur propre \u00e9ducation affecte leur fa\u00e7on d\u2019\u00e9lever leurs enfants<\/li><li>Des parents qui souhaitent d\u00e9velopper leur intelligence \u00e9motionnelle et des outils concrets, pas seulement des techniques<\/li><li>Aux parents ouverts \u00e0 la croissance, \u00e0 la responsabilit\u00e9 personnelle et \u00e0 l\u2019apprentissage partag\u00e9<\/li><li>Sont pr\u00eats \u00e0 faire une pause, \u00e0 r\u00e9fl\u00e9chir et \u00e0 aller de l\u2019avant en tant que parents<i><\/i><\/li><\/ul>\n\t\t\t\t\t<\/div>\n\t\t\t\t\t\t<\/div>\n\t\t\t\t<\/div>\n\t\t\t\t<\/div>\n\t\t<div class=\"elementor-element elementor-element-2a94214f e-con-full e-flex e-con e-child\" data-id=\"2a94214f\" data-element_type=\"container\" data-e-type=\"container\">\n\t\t\t\t<div class=\"elementor-element elementor-element-4e43dfb0 elementor-widget__width-initial wd-width-100 elementor-widget elementor-widget-wd_title\" data-id=\"4e43dfb0\" data-element_type=\"widget\" data-e-type=\"widget\" data-widget_type=\"wd_title.default\">\n\t\t\t\t<div class=\"elementor-widget-container\">\n\t\t\t\t\t\t\t<div class=\"title-wrapper wd-set-mb reset-last-child wd-title-color-default wd-title-style-default wd-title-size-default text-left\">\n\n\t\t\t\n\t\t\t<div class=\"liner-continer\">\n\t\t\t\t<h4 class=\"woodmart-title-container title wd-fontsize-l\">Valeurs fondamentales de The Parentward Circle<br \/>\n<\/h4> \n\t\t\t\t\t\t\t<\/div>\n\n\t\t\t\t\t<\/div>\n\t\t\t\t\t\t<\/div>\n\t\t\t\t<\/div>\n\t\t\t\t<div class=\"elementor-element elementor-element-54f4ff7b elementor-widget elementor-widget-wd_text_block\" data-id=\"54f4ff7b\" data-element_type=\"widget\" data-e-type=\"widget\" data-widget_type=\"wd_text_block.default\">\n\t\t\t\t<div class=\"elementor-widget-container\">\n\t\t\t\t\t\t\t<div class=\"wd-text-block reset-last-child text-left\">\n\t\t\t\n\t\t\t<ul class=\"ul1\"><li class=\"li1\">La r\u00e9flexion plut\u00f4t que la r\u00e9action<\/li><li class=\"li1\">La r\u00e9paration plut\u00f4t que la perfection<\/li><li class=\"li1\">Le soutien plut\u00f4t que la honte<\/li><li class=\"li1\">Le progr\u00e8s plut\u00f4t que la performance<\/li><li class=\"li1\">La connexion plut\u00f4t que le contr\u00f4le<\/li><\/ul><p class=\"p1\"><b>Je r\u00e9fl\u00e9chis \u00e0 des id\u00e9es anonymes et composites provenant de clients et de mes propres exp\u00e9riences en tant que m\u00e8re pour mettre en \u00e9vidence&nbsp;:<\/b><\/p><ul class=\"ul1\"><li class=\"li1\">Les blessures \u00e9motionnelles courantes de l\u2019enfance<\/li><li class=\"li1\">Les erreurs que les parents r\u00e9p\u00e8tent involontairement<\/li><li class=\"li1\">Ce que les enfants souhaiteraient que leurs parents comprennent<\/li><\/ul>\n\t\t\t\t\t<\/div>\n\t\t\t\t\t\t<\/div>\n\t\t\t\t<\/div>\n\t\t\t\t<\/div>\n\t\t<div class=\"elementor-element elementor-element-d14f81f e-con-full e-flex e-con e-child\" data-id=\"d14f81f\" data-element_type=\"container\" data-e-type=\"container\">\n\t\t\t\t<div class=\"elementor-element elementor-element-2b691193 wd-width-100 elementor-widget elementor-widget-wd_title\" data-id=\"2b691193\" data-element_type=\"widget\" data-e-type=\"widget\" data-widget_type=\"wd_title.default\">\n\t\t\t\t<div class=\"elementor-widget-container\">\n\t\t\t\t\t\t\t<div class=\"title-wrapper wd-set-mb reset-last-child wd-title-color-default wd-title-style-default wd-title-size-default text-left\">\n\n\t\t\t\n\t\t\t<div class=\"liner-continer\">\n\t\t\t\t<h4 class=\"woodmart-title-container title wd-fontsize-l\">Ce qui le rend <br>diff\u00e9rent<br \/>\n<\/h4> \n\t\t\t\t\t\t\t<\/div>\n\n\t\t\t\t\t<\/div>\n\t\t\t\t\t\t<\/div>\n\t\t\t\t<\/div>\n\t\t\t\t<div class=\"elementor-element elementor-element-24da9a7e elementor-widget elementor-widget-wd_text_block\" data-id=\"24da9a7e\" data-element_type=\"widget\" data-e-type=\"widget\" data-widget_type=\"wd_text_block.default\">\n\t\t\t\t<div class=\"elementor-widget-container\">\n\t\t\t\t\t\t\t<div class=\"wd-text-block reset-last-child text-left\">\n\t\t\t\n\t\t\t<ul class=\"ul1\"><li class=\"li1\">Accent mis sur la pr\u00e9vention&nbsp;: utiliser les id\u00e9es des clients pour arr\u00eater les sch\u00e9mas avant qu\u2019ils ne soient transmis<\/li><li class=\"li1\">Enracin\u00e9 \u00e0 la fois dans le conseil professionnel et dans l\u2019exp\u00e9rience v\u00e9cue<\/li><li class=\"li1\">Guid\u00e9 par les valeurs de connexion, de compassion, de conscience de soi et d\u2019autonomisation<\/li><li class=\"li1\">Il ne s\u2019agit pas d\u2019\u00eatre un parent parfait, mais d\u2019\u00eatre un parent intentionnel<\/li><\/ul>\n\t\t\t\t\t<\/div>\n\t\t\t\t\t\t<\/div>\n\t\t\t\t<\/div>\n\t\t\t\t<\/div>\n\t\t\t\t\t<\/div>\n\t\t\t\t<\/div>\n\t\t<div class=\"wd-negative-gap elementor-element elementor-element-3bf877e3 e-flex e-con-boxed e-con e-parent\" data-id=\"3bf877e3\" data-element_type=\"container\" data-e-type=\"container\">\n\t\t\t\t\t<div class=\"e-con-inner\">\n\t\t\t\t<div class=\"elementor-element elementor-element-74281e0 wd-width-100 elementor-widget elementor-widget-wd_title\" data-id=\"74281e0\" data-element_type=\"widget\" data-e-type=\"widget\" data-widget_type=\"wd_title.default\">\n\t\t\t\t<div class=\"elementor-widget-container\">\n\t\t\t\t\t\t\t<div class=\"title-wrapper wd-set-mb reset-last-child wd-title-color-default wd-title-style-default wd-title-size-default text-center\">\n\n\t\t\t\n\t\t\t<div class=\"liner-continer\">\n\t\t\t\t<h4 class=\"woodmart-title-container title wd-fontsize-l\">Informations<\/h4> \n\t\t\t\t\t\t\t<\/div>\n\n\t\t\t\t\t<\/div>\n\t\t\t\t\t\t<\/div>\n\t\t\t\t<\/div>\n\t\t<div class=\"elementor-element elementor-element-12333517 e-con-full e-grid e-con e-child\" data-id=\"12333517\" data-element_type=\"container\" data-e-type=\"container\" data-settings=\"{&quot;background_background&quot;:&quot;classic&quot;}\">\n\t\t\t\t<div class=\"elementor-element elementor-element-69c07ff2 elementor-widget elementor-widget-wd_pricing_tables\" data-id=\"69c07ff2\" data-element_type=\"widget\" data-e-type=\"widget\" data-widget_type=\"wd_pricing_tables.default\">\n\t\t\t\t<div class=\"elementor-widget-container\">\n\t\t\t\t\t\t\t<div class=\"pricing-tables-wrapper\">\n\t\t\t<div class=\"pricing-tables wd-grid-g\" style=\"--wd-col-lg:2;--wd-col-md:2;--wd-col-sm:1;--wd-gap-lg:20px;--wd-gap-sm:10px;\">\n\t\t\t\t\t\t\t\t\t\t\t\t\t\t<div class=\"wd-price-table wd-col price-style-default price-with-label label-color-green\">\n\t\t\t\t\t\t<div class=\"wd-plan\">\n\t\t\t\t\t\t\t<div class=\"wd-plan-name\">\n\t\t\t\t\t\t\t\t<span class=\"wd-plan-title title\">\n\t\t\t\t\t\t\t\t\tTarifs pour les inscriptions anticip\u00e9es\t\t\t\t\t\t\t\t<\/span>\n\t\t\t\t\t\t\t<\/div>\n\t\t\t\t\t\t<\/div>\n\n\t\t\t\t\t\t<div class=\"wd-plan-inner\">\n\t\t\t\t\t\t\t\t\t\t\t\t\t\t\t<div class=\"wd-plan-label price-label\">\n\t\t\t\t\t\t\t\t\t<span>\n\t\t\t\t\t\t\t\t\t\tInscription anticip\u00e9e\t\t\t\t\t\t\t\t\t<\/span>\n\t\t\t\t\t\t\t\t<\/div>\n\t\t\t\t\t\t\t\n\t\t\t\t\t\t\t<div class=\"wd-plan-price\" style=\"\">\n\t\t\t\t\t\t\t\t\t\t\t\t\t\t\t\t\t<span class=\"wd-price-currency\">\n\t\t\t\t\t\t\t\t\t\tCHF\/EUR\t\t\t\t\t\t\t\t\t<\/span>\n\t\t\t\t\t\t\t\t\t\t\t\t\t\t\t\t\n\t\t\t\t\t\t\t\t\t\t\t\t\t\t\t\t\t<span class=\"wd-price-value\">\n\t\t\t\t\t\t\t\t\t\t300\t\t\t\t\t\t\t\t\t<\/span>\n\t\t\t\t\t\t\t\t\t\t\t\t\t\t\t\t\n\t\t\t\t\t\t\t\t\t\t\t\t\t\t\t<\/div>\n\n\t\t\t\t\t\t\t\t\t\t\t\t\t\t\t<div class=\"wd-plan-features\">\n\t\t\t\t\t\t\t\t\t\t\t\t\t\t\t\t\t\t\t<div class=\"wd-plan-feature\">\n\t\t\t\t\t\t\t\t\t\t\t<span style=\"color: #1f5e5e\"><strong>avant fin novembre<\/strong><\/span> - rentr\u00e9e en janvier\t\t\t\t\t\t\t\t\t\t<\/div>\n\t\t\t\t\t\t\t\t\t\t\t\t\t\t\t\t\t\t\t<div class=\"wd-plan-feature\">\n\t\t\t\t\t\t\t\t\t\t\t<span style=\"color: #1f5e5e\"><strong>avant fin janvier<\/strong><\/span> - rentr\u00e9e en mars, \t\t\t\t\t\t\t\t\t\t<\/div>\n\t\t\t\t\t\t\t\t\t\t\t\t\t\t\t\t\t\t\t<div class=\"wd-plan-feature\">\n\t\t\t\t\t\t\t\t\t\t\t<span style=\"color: #1f5e5e\"><strong>avant fin mars<\/strong><\/span> - rentr\u00e9e en mai\t\t\t\t\t\t\t\t\t\t<\/div>\n\t\t\t\t\t\t\t\t\t\t\t\t\t\t\t\t\t\t\t<div class=\"wd-plan-feature\">\n\t\t\t\t\t\t\t\t\t\t\t<span style=\"color: #1f5e5e\"><strong>avant fin juillet<\/strong><\/span> - rentr\u00e9e en septembre\t\t\t\t\t\t\t\t\t\t<\/div>\n\t\t\t\t\t\t\t\t\t\t\t\t\t\t\t\t\t\t\t<div class=\"wd-plan-feature\">\n\t\t\t\t\t\t\t\t\t\t\t<span style=\"color: #1f5e5e\"><span style=\"color: #1f5e5e\"><strong>Dates de d\u00e9but&nbsp;:<\/strong><\/span> 7&nbsp;janvier&nbsp;2026, 4&nbsp;mars&nbsp;2026, 6&nbsp;mai&nbsp;2026, 9&nbsp;septembre&nbsp;2026<\/strong><\/span> . \t\t\t\t\t\t\t\t\t\t<\/div>\n\t\t\t\t\t\t\t\t\t\t\t\t\t\t\t\t\t<\/div>\n\t\t\t\t\t\t\t\n\t\t\t\t\t\t\t<div class=\"wd-plan-footer\">\n\t\t\t\t\t\t\t\t\t\t\t\t\t\t\t\t\t\t\t\t\t\t\t\t\t\t\t\t\t\t\t\t<\/div>\n\t\t\t\t\t\t<\/div>\n\t\t\t\t\t<\/div>\n\t\t\t\t\t\t\t\t\t\t\t\t\t\t<div class=\"wd-price-table wd-col price-style-default price-with-label label-color-red\">\n\t\t\t\t\t\t<div class=\"wd-plan\">\n\t\t\t\t\t\t\t<div class=\"wd-plan-name\">\n\t\t\t\t\t\t\t\t<span class=\"wd-plan-title title\">\n\t\t\t\t\t\t\t\t\t6 semaines\t\t\t\t\t\t\t\t<\/span>\n\t\t\t\t\t\t\t<\/div>\n\t\t\t\t\t\t<\/div>\n\n\t\t\t\t\t\t<div class=\"wd-plan-inner\">\n\t\t\t\t\t\t\t\t\t\t\t\t\t\t\t<div class=\"wd-plan-label price-label\">\n\t\t\t\t\t\t\t\t\t<span>\n\t\t\t\t\t\t\t\t\t\tPlein tarif\t\t\t\t\t\t\t\t\t<\/span>\n\t\t\t\t\t\t\t\t<\/div>\n\t\t\t\t\t\t\t\n\t\t\t\t\t\t\t<div class=\"wd-plan-price\" style=\"\">\n\t\t\t\t\t\t\t\t\t\t\t\t\t\t\t\t\t<span class=\"wd-price-currency\">\n\t\t\t\t\t\t\t\t\t\tCHF\/EUR\t\t\t\t\t\t\t\t\t<\/span>\n\t\t\t\t\t\t\t\t\t\t\t\t\t\t\t\t\n\t\t\t\t\t\t\t\t\t\t\t\t\t\t\t\t\t<span class=\"wd-price-value\">\n\t\t\t\t\t\t\t\t\t\t360\t\t\t\t\t\t\t\t\t<\/span>\n\t\t\t\t\t\t\t\t\t\t\t\t\t\t\t\t\n\t\t\t\t\t\t\t\t\t\t\t\t\t\t\t<\/div>\n\n\t\t\t\t\t\t\t\t\t\t\t\t\t\t\t<div class=\"wd-plan-features\">\n\t\t\t\t\t\t\t\t\t\t\t\t\t\t\t\t\t\t\t<div class=\"wd-plan-feature\">\n\t\t\t\t\t\t\t\t\t\t\t<span style=\"color: #1f5e5e\"><strong>Fr\u00e9quence<\/strong><\/span> : Hebdomadaire\t\t\t\t\t\t\t\t\t\t<\/div>\n\t\t\t\t\t\t\t\t\t\t\t\t\t\t\t\t\t\t\t<div class=\"wd-plan-feature\">\n\t\t\t\t\t\t\t\t\t\t\t<span style=\"color: #1f5e5e\"><strong>Jour<\/strong><\/span> : Mercredi\t\t\t\t\t\t\t\t\t\t<\/div>\n\t\t\t\t\t\t\t\t\t\t\t\t\t\t\t\t\t\t\t<div class=\"wd-plan-feature\">\n\t\t\t\t\t\t\t\t\t\t\t<strong>Dur\u00e9e:<\/strong> <span style=\"color: #1f5e5e\">90 minutes<\/span>\t\t\t\t\t\t\t\t\t\t<\/div>\n\t\t\t\t\t\t\t\t\t\t\t\t\t\t\t\t\t\t\t<div class=\"wd-plan-feature\">\n\t\t\t\t\t\t\t\t\t\t\t<span style=\"color: #1f5e5e\"><strong>Heure<\/strong><\/span> : 19h30-21h00\t\t\t\t\t\t\t\t\t\t<\/div>\n\t\t\t\t\t\t\t\t\t\t\t\t\t\t\t\t\t\t\t<div class=\"wd-plan-feature\">\n\t\t\t\t\t\t\t\t\t\t\t<span style=\"color: #1f5e5e\"><strong>REJOIGNEZ-NOUS <br>&nbsp;<\/strong><\/span>\t\t\t\t\t\t\t\t\t\t<\/div>\n\t\t\t\t\t\t\t\t\t\t\t\t\t\t\t\t\t<\/div>\n\t\t\t\t\t\t\t\n\t\t\t\t\t\t\t<div class=\"wd-plan-footer\">\n\t\t\t\t\t\t\t\t\t\t\t\t\t\t\t\t\t\t\t\t\t\t\t\t\t\t\t\t\t\t\t\t<\/div>\n\t\t\t\t\t\t<\/div>\n\t\t\t\t\t<\/div>\n\t\t\t\t\t\t\t<\/div>\n\t\t<\/div>\n\t\t\n\t\t\t\t\t\t<\/div>\n\t\t\t\t<\/div>\n\t\t\t\t<\/div>\n\t\t\t\t\t<\/div>\n\t\t\t\t<\/div>\n\t\t<div class=\"wd-negative-gap elementor-element elementor-element-ec40cd4 e-flex e-con-boxed e-con e-parent\" data-id=\"ec40cd4\" data-element_type=\"container\" data-e-type=\"container\">\n\t\t\t\t\t<div class=\"e-con-inner\">\n\t\t<div class=\"elementor-element elementor-element-ef9a6bb e-con-full e-grid e-con e-child\" data-id=\"ef9a6bb\" data-element_type=\"container\" data-e-type=\"container\" data-settings=\"{&quot;background_background&quot;:&quot;classic&quot;}\">\n\t\t\t\t<div class=\"elementor-element elementor-element-742f6ee elementor-widget elementor-widget-wd_text_block\" data-id=\"742f6ee\" data-element_type=\"widget\" data-e-type=\"widget\" data-widget_type=\"wd_text_block.default\">\n\t\t\t\t<div class=\"elementor-widget-container\">\n\t\t\t\t\t\t\t<div class=\"wd-text-block reset-last-child text-left\">\n\t\t\t\n\t\t\t<h2 class=\"p1\" style=\"text-align: center;\"><span style=\"color: #ffffff;\"><b>R\u00e9partition des s\u00e9ances th\u00e9matiques<\/b><\/span><\/h2><h3 class=\"p1\"><span style=\"color: #ffffff;\"><b>Semaine 1 : Orientation et notre boussole parentale<\/b><\/span><\/h3><ul class=\"ul1\"><li class=\"li1\">Pr\u00e9sentations et accords de groupe<\/li><li class=\"li1\">Explorer&nbsp;: <i>\u00ab&nbsp;Quel genre de parent est-ce que je veux \u00eatre&nbsp;?&nbsp;\u00bb<\/i><i><\/i><\/li><li class=\"li1\">Invite de journalisation&nbsp;: <i>\u00ab&nbsp;Comment mon pass\u00e9 m\u2019a-t-il fa\u00e7onn\u00e9 en tant que parent&nbsp;?&nbsp;\u00bb<\/i><i><\/i><\/li><\/ul><p>___________________<\/p><h3 class=\"p1\"><span style=\"color: #ffffff;\"><b>Semaine&nbsp;2&nbsp;: L\u2019h\u00e9ritage que nous portons<\/b><\/span><\/h3><ul class=\"ul1\"><li class=\"li1\">Explorer les influences de la famille d\u2019origine<\/li><li class=\"li1\">Partager des id\u00e9es de clients anonymis\u00e9es&nbsp;:<br><ul class=\"ul1\"><li class=\"li1\">\u00ab&nbsp;Mes parents ne se sont jamais excus\u00e9s.&nbsp;\u00bb<\/li><li class=\"li1\">\u00ab&nbsp;Je n\u2019\u00e9tais aim\u00e9 que lorsque je r\u00e9ussissais.&nbsp;\u00bb<\/li><\/ul><\/li><li class=\"li1\">Activit\u00e9 de r\u00e9flexion&nbsp;: <i>Les sch\u00e9mas que je pourrais r\u00e9p\u00e9ter<\/i><i><\/i><\/li><\/ul><p>___________________<\/p><h3 class=\"p1\"><span style=\"color: #ffffff;\"><b>Semaine 3 : Compr\u00e9hension et r\u00e9gulation des \u00e9motions<\/b><\/span><\/h3><ul class=\"ul1\"><li class=\"li1\">Pourquoi la suppression \u00e9motionnelle cr\u00e9e une d\u00e9connexion<\/li><li class=\"li1\">Id\u00e9e de client&nbsp;: <i>\u00ab&nbsp;Mes parents ne savaient pas comment g\u00e9rer les \u00e9motions, alors j\u2019ai cach\u00e9 les miennes.&nbsp;\u00bb<\/i><i><\/i><\/li><li class=\"li1\">Pratique&nbsp;: Nommer et calmer les \u00e9motions<\/li><\/ul><p>___________________<\/p><h3 class=\"p1\"><span style=\"color: #ffffff;\"><b>Semaine&nbsp;4&nbsp;: La connexion plut\u00f4t que le contr\u00f4le<\/b><\/span><\/h3><ul class=\"ul1\"><li class=\"li1\">Le pouvoir par rapport \u00e0 la relation dans la parentalit\u00e9<\/li><li class=\"li1\">Erreurs&nbsp;: Sur-discipline, cris, limites incoh\u00e9rentes<\/li><li class=\"li1\">Enseigner&nbsp;: L\u2019accompagnement \u00e9motionnel et la co-r\u00e9gulation<\/li><\/ul><p>___________________<\/p><h3 class=\"p1\"><span style=\"color: #ffffff;\"><b>Semaine 5 : Des limites qui gu\u00e9rissent, et non qui blessent<\/b><\/span><\/h3><ul class=\"ul1\"><li class=\"li1\">Les clients disent souvent : <i>\u00ab Je n\u2019avais aucune intimit\u00e9 \u00bb<\/i> ou <i>\u00ab J\u2019\u00e9tais trait\u00e9 comme un ami, pas comme un enfant. \u00bb<\/i><i><\/i><\/li><li class=\"li1\">Explorer&nbsp;: Des limites respectueuses et adapt\u00e9es \u00e0 l\u2019\u00e2ge<\/li><\/ul><p>___________________<\/p><h3 class=\"p1\"><span style=\"color: #ffffff;\"><b>Semaine&nbsp;6&nbsp;: Se r\u00e9\u00e9duquer soi-m\u00eame<\/b><\/span><\/h3><ul class=\"ul1\"><li class=\"li1\">Enseigner&nbsp;: Qu\u2019est-ce que la r\u00e9\u00e9ducation&nbsp;?<\/li><li class=\"li1\">R\u00e9fl\u00e9chir&nbsp;: <i>\u00ab&nbsp;De quoi avais-je besoin enfant que je peux me donner maintenant&nbsp;?&nbsp;\u00bb<\/i><i><\/i><\/li><li class=\"li1\">Pr\u00e9senter le travail sur l\u2019enfant int\u00e9rieur ou la pratique de l\u2019auto-compassion<\/li><\/ul>\n\t\t\t\t\t<\/div>\n\t\t\t\t\t\t<\/div>\n\t\t\t\t<\/div>\n\t\t\t\t<\/div>\n\t\t\t\t\t<\/div>\n\t\t\t\t<\/div>\n\t\t<div class=\"wd-negative-gap elementor-element elementor-element-1f7c680e e-flex e-con-boxed e-con e-parent\" data-id=\"1f7c680e\" data-element_type=\"container\" data-e-type=\"container\">\n\t\t\t\t\t<div class=\"e-con-inner\">\n\t\t\t\t<div class=\"elementor-element elementor-element-4774fb51 elementor-widget elementor-widget-wd_button\" data-id=\"4774fb51\" data-element_type=\"widget\" data-e-type=\"widget\" data-widget_type=\"wd_button.default\">\n\t\t\t\t<div class=\"elementor-widget-container\">\n\t\t\t\t\t\t\t<div class=\"wd-button-wrapper text-center\" >\n\t\t\t<a class=\"btn btn-style-default btn-shape-rectangle btn-size-default btn-icon-pos-right\"  href=\"https:\/\/calendly.com\/janafinlayson-info\" target=\"_blank\">\n\t\t\t\t<span class=\"wd-btn-text\" data-elementor-setting-key=\"text\">\n\t\t\t\t\tR\u00e9servez votre s\u00e9ance maintenant\t\t\t\t<\/span>\n\n\t\t\t\t\t\t\t<\/a>\n\t\t<\/div>\n\t\t\t\t\t\t<\/div>\n\t\t\t\t<\/div>\n\t\t\t\t\t<\/div>\n\t\t\t\t<\/div>\n\t\t<div class=\"wd-negative-gap elementor-element elementor-element-23208b5 e-flex e-con-boxed e-con e-parent\" data-id=\"23208b5\" data-element_type=\"container\" data-e-type=\"container\">\n\t\t\t\t\t<div class=\"e-con-inner\">\n\t\t\t\t<div class=\"elementor-element elementor-element-46d6efa3 wd-width-100 elementor-widget elementor-widget-wd_title\" data-id=\"46d6efa3\" data-element_type=\"widget\" data-e-type=\"widget\" data-widget_type=\"wd_title.default\">\n\t\t\t\t<div class=\"elementor-widget-container\">\n\t\t\t\t\t\t\t<div class=\"title-wrapper wd-set-mb reset-last-child wd-title-color-default wd-title-style-default wd-title-size-default text-center\">\n\n\t\t\t\n\t\t\t<div class=\"liner-continer\">\n\t\t\t\t<h4 class=\"woodmart-title-container title wd-fontsize-l\">Groupes psycho\u00e9ducatifs<\/h4> \n\t\t\t\t\t\t\t<\/div>\n\n\t\t\t\t\t<\/div>\n\t\t\t\t\t\t<\/div>\n\t\t\t\t<\/div>\n\t\t<div class=\"elementor-element elementor-element-65b21028 e-con-full e-grid e-con e-child\" data-id=\"65b21028\" data-element_type=\"container\" data-e-type=\"container\">\n\t\t\t\t<div class=\"elementor-element elementor-element-54b9e8ef elementor-widget elementor-widget-icon-box\" data-id=\"54b9e8ef\" data-element_type=\"widget\" data-e-type=\"widget\" data-widget_type=\"icon-box.default\">\n\t\t\t\t\t\t\t<div class=\"elementor-icon-box-wrapper\">\n\n\t\t\t\n\t\t\t\t\t\t<div class=\"elementor-icon-box-content\">\n\n\t\t\t\t\t\t\t\t\t<h3 class=\"elementor-icon-box-title\">\n\t\t\t\t\t\t<a href=\"https:\/\/www.janafinlayson.com\/fr\/consultation-individuelle\" >\n\t\t\t\t\t\t\tConsultation individuelle\t\t\t\t\t\t<\/a>\n\t\t\t\t\t<\/h3>\n\t\t\t\t\n\t\t\t\t\t\t\t\t\t<p class=\"elementor-icon-box-description\">\n\t\t\t\t\t\tAFFICHER PLUS\t\t\t\t\t<\/p>\n\t\t\t\t\n\t\t\t<\/div>\n\t\t\t\n\t\t<\/div>\n\t\t\t\t\t\t<\/div>\n\t\t\t\t<div class=\"elementor-element elementor-element-1056c53a elementor-widget elementor-widget-icon-box\" data-id=\"1056c53a\" data-element_type=\"widget\" data-e-type=\"widget\" data-widget_type=\"icon-box.default\">\n\t\t\t\t\t\t\t<div class=\"elementor-icon-box-wrapper\">\n\n\t\t\t\n\t\t\t\t\t\t<div class=\"elementor-icon-box-content\">\n\n\t\t\t\t\t\t\t\t\t<h3 class=\"elementor-icon-box-title\">\n\t\t\t\t\t\t<a href=\"https:\/\/www.janafinlayson.com\/fr\/le-cercle-menward\" >\n\t\t\t\t\t\t\tLe Cercle Menward\t\t\t\t\t\t<\/a>\n\t\t\t\t\t<\/h3>\n\t\t\t\t\n\t\t\t\t\t\t\t\t\t<p class=\"elementor-icon-box-description\">\n\t\t\t\t\t\tAFFICHER PLUS\t\t\t\t\t<\/p>\n\t\t\t\t\n\t\t\t<\/div>\n\t\t\t\n\t\t<\/div>\n\t\t\t\t\t\t<\/div>\n\t\t\t\t<\/div>\n\t\t\t\t\t<\/div>\n\t\t\t\t<\/div>\n\t\t\t\t<\/div>\n\t\t","protected":false},"excerpt":{"rendered":"<p>Philosophie : Pr\u00e9vention par la Sensibilisation \u00ab&nbsp;Lorsque nous nous gu\u00e9rissons, nous cessons de transmettre la douleur.&nbsp;\u00bb De quoi s\u2019agit-il&nbsp;? Le<\/p>\n","protected":false},"author":1,"featured_media":0,"parent":0,"menu_order":0,"comment_status":"closed","ping_status":"closed","template":"","meta":{"footnotes":""},"class_list":["post-29920","page","type-page","status-publish","hentry"],"_links":{"self":[{"href":"https:\/\/www.janafinlayson.com\/fr\/wp-json\/wp\/v2\/pages\/29920","targetHints":{"allow":["GET"]}}],"collection":[{"href":"https:\/\/www.janafinlayson.com\/fr\/wp-json\/wp\/v2\/pages"}],"about":[{"href":"https:\/\/www.janafinlayson.com\/fr\/wp-json\/wp\/v2\/types\/page"}],"author":[{"embeddable":true,"href":"https:\/\/www.janafinlayson.com\/fr\/wp-json\/wp\/v2\/users\/1"}],"replies":[{"embeddable":true,"href":"https:\/\/www.janafinlayson.com\/fr\/wp-json\/wp\/v2\/comments?post=29920"}],"version-history":[{"count":1,"href":"https:\/\/www.janafinlayson.com\/fr\/wp-json\/wp\/v2\/pages\/29920\/revisions"}],"predecessor-version":[{"id":29924,"href":"https:\/\/www.janafinlayson.com\/fr\/wp-json\/wp\/v2\/pages\/29920\/revisions\/29924"}],"wp:attachment":[{"href":"https:\/\/www.janafinlayson.com\/fr\/wp-json\/wp\/v2\/media?parent=29920"}],"curies":[{"name":"wp","href":"https:\/\/api.w.org\/{rel}","templated":true}]}}